{"id":1415,"date":"2016-02-12T07:54:41","date_gmt":"2016-02-12T07:54:41","guid":{"rendered":"http:\/\/demos.famethemes.com\/onepress\/?page_id=4"},"modified":"2023-01-13T14:19:04","modified_gmt":"2023-01-13T19:19:04","slug":"home","status":"publish","type":"page","link":"https:\/\/leversens.com\/en\/home\/","title":{"rendered":"Home"},"content":{"rendered":"<p>[et_pb_section fb_built=\u00bb1&#8243; theme_builder_area=\u00bbpost_content\u00bb _builder_version=\u00bb4.19.4&#8243; _module_preset=\u00bbdefault\u00bb][et_pb_row _builder_version=\u00bb4.19.4&#8243; _module_preset=\u00bbdefault\u00bb theme_builder_area=\u00bbpost_content\u00bb][et_pb_column _builder_version=\u00bb4.19.4&#8243; _module_preset=\u00bbdefault\u00bb type=\u00bb4_4&#8243; theme_builder_area=\u00bbpost_content\u00bb][et_pb_text _builder_version=\u00bb4.19.4&#8243; _module_preset=\u00bbdefault\u00bb theme_builder_area=\u00bbpost_content\u00bb hover_enabled=\u00bb0&#8243; sticky_enabled=\u00bb0&#8243;]<\/p>\n<p><img decoding=\"async\" loading=\"lazy\" src=\"https:\/\/leversens.com\/wp-content\/uploads\/2020\/06\/Invitaci\u00f3n-PEMP-300x300.jpeg\" width=\"300\" height=\"300\" alt=\"\" class=\"wp-image-4997 alignleft size-medium\" srcset=\"https:\/\/leversens.com\/wp-content\/uploads\/2020\/06\/Invitaci\u00f3n-PEMP-300x300.jpeg 300w, https:\/\/leversens.com\/wp-content\/uploads\/2020\/06\/Invitaci\u00f3n-PEMP-150x150.jpeg 150w, https:\/\/leversens.com\/wp-content\/uploads\/2020\/06\/Invitaci\u00f3n-PEMP-768x768.jpeg 768w, https:\/\/leversens.com\/wp-content\/uploads\/2020\/06\/Invitaci\u00f3n-PEMP-1024x1024.jpeg 1024w, https:\/\/leversens.com\/wp-content\/uploads\/2020\/06\/Invitaci\u00f3n-PEMP.jpeg 1080w, https:\/\/leversens.com\/wp-content\/uploads\/2020\/06\/Invitaci\u00f3n-PEMP-600x600.jpeg 600w, https:\/\/leversens.com\/wp-content\/uploads\/2020\/06\/Invitaci\u00f3n-PEMP-100x100.jpeg 100w\" sizes=\"(max-width: 300px) 100vw, 300px\" \/>Your content goes here. Edit or remove this text inline or in the module Content settings. You can also style every aspect of this content in the module Design settings and even apply custom CSS to this text in the module Advanced settings.<\/p>\n<p>[\/et_pb_text][\/et_pb_column][\/et_pb_row][\/et_pb_section]<\/p>","protected":false},"excerpt":{"rendered":"<p>Your content goes here. Edit or remove this text inline or in the module Content settings. You can also style every aspect of this content in the module Design settings and even apply custom CSS to this text in the module Advanced settings.<\/p>","protected":false},"author":2,"featured_media":0,"parent":0,"menu_order":0,"comment_status":"closed","ping_status":"closed","template":"","meta":{"_et_pb_use_builder":"on","_et_pb_old_content":"","_et_gb_content_width":""},"yoast_head":"<!-- This site is optimized with the Yoast SEO plugin v19.14 - https:\/\/yoast.com\/wordpress\/plugins\/seo\/ -->\n<title>Home - Leversens<\/title>\n<meta name=\"description\" content=\"Ayudamos a l\u00edderes y gerentes alcanzar sus metas cr\u00edticas m\u00e1s r\u00e1pido.\" \/>\n<meta name=\"robots\" content=\"index, follow, max-snippet:-1, max-image-preview:large, max-video-preview:-1\" \/>\n<link rel=\"canonical\" href=\"https:\/\/leversens.com\/en\/home\/\" \/>\n<meta property=\"og:locale\" content=\"en_US\" \/>\n<meta property=\"og:type\" content=\"article\" \/>\n<meta property=\"og:title\" content=\"Home - Leversens\" \/>\n<meta property=\"og:description\" content=\"Ayudamos a l\u00edderes y gerentes alcanzar sus metas cr\u00edticas m\u00e1s r\u00e1pido.\" \/>\n<meta property=\"og:url\" content=\"https:\/\/leversens.com\/en\/home\/\" \/>\n<meta property=\"og:site_name\" content=\"Leversens\" \/>\n<meta property=\"article:modified_time\" content=\"2023-01-13T19:19:04+00:00\" \/>\n<meta name=\"twitter:card\" content=\"summary_large_image\" \/>\n<script type=\"application\/ld+json\" class=\"yoast-schema-graph\">{\"@context\":\"https:\/\/schema.org\",\"@graph\":[{\"@type\":\"WebPage\",\"@id\":\"https:\/\/leversens.com\/home\/\",\"url\":\"https:\/\/leversens.com\/home\/\",\"name\":\"Home - Leversens\",\"isPartOf\":{\"@id\":\"https:\/\/leversens.com\/#website\"},\"datePublished\":\"2016-02-12T07:54:41+00:00\",\"dateModified\":\"2023-01-13T19:19:04+00:00\",\"description\":\"Ayudamos a l\u00edderes y gerentes alcanzar sus metas cr\u00edticas m\u00e1s r\u00e1pido.\",\"breadcrumb\":{\"@id\":\"https:\/\/leversens.com\/home\/#breadcrumb\"},\"inLanguage\":\"en-US\",\"potentialAction\":[{\"@type\":\"ReadAction\",\"target\":[\"https:\/\/leversens.com\/home\/\"]}]},{\"@type\":\"BreadcrumbList\",\"@id\":\"https:\/\/leversens.com\/home\/#breadcrumb\",\"itemListElement\":[{\"@type\":\"ListItem\",\"position\":1,\"name\":\"Home\",\"item\":\"https:\/\/leversens.com\/\"},{\"@type\":\"ListItem\",\"position\":2,\"name\":\"Home\"}]},{\"@type\":\"WebSite\",\"@id\":\"https:\/\/leversens.com\/#website\",\"url\":\"https:\/\/leversens.com\/\",\"name\":\"Leversens\",\"description\":\"Ayudamos a l\u00edderes lograr sus metas cr\u00edticas m\u00e1s r\u00e1pido.\",\"potentialAction\":[{\"@type\":\"SearchAction\",\"target\":{\"@type\":\"EntryPoint\",\"urlTemplate\":\"https:\/\/leversens.com\/?s={search_term_string}\"},\"query-input\":\"required name=search_term_string\"}],\"inLanguage\":\"en-US\"}]}<\/script>\n<!-- \/ Yoast SEO plugin. -->","yoast_head_json":{"title":"Home - Leversens","description":"Ayudamos a l\u00edderes y gerentes alcanzar sus metas cr\u00edticas m\u00e1s r\u00e1pido.","robots":{"index":"index","follow":"follow","max-snippet":"max-snippet:-1","max-image-preview":"max-image-preview:large","max-video-preview":"max-video-preview:-1"},"canonical":"https:\/\/leversens.com\/en\/home\/","og_locale":"en_US","og_type":"article","og_title":"Home - Leversens","og_description":"Ayudamos a l\u00edderes y gerentes alcanzar sus metas cr\u00edticas m\u00e1s r\u00e1pido.","og_url":"https:\/\/leversens.com\/en\/home\/","og_site_name":"Leversens","article_modified_time":"2023-01-13T19:19:04+00:00","twitter_card":"summary_large_image","schema":{"@context":"https:\/\/schema.org","@graph":[{"@type":"WebPage","@id":"https:\/\/leversens.com\/home\/","url":"https:\/\/leversens.com\/home\/","name":"Home - Leversens","isPartOf":{"@id":"https:\/\/leversens.com\/#website"},"datePublished":"2016-02-12T07:54:41+00:00","dateModified":"2023-01-13T19:19:04+00:00","description":"Ayudamos a l\u00edderes y gerentes alcanzar sus metas cr\u00edticas m\u00e1s r\u00e1pido.","breadcrumb":{"@id":"https:\/\/leversens.com\/home\/#breadcrumb"},"inLanguage":"en-US","potentialAction":[{"@type":"ReadAction","target":["https:\/\/leversens.com\/home\/"]}]},{"@type":"BreadcrumbList","@id":"https:\/\/leversens.com\/home\/#breadcrumb","itemListElement":[{"@type":"ListItem","position":1,"name":"Home","item":"https:\/\/leversens.com\/"},{"@type":"ListItem","position":2,"name":"Home"}]},{"@type":"WebSite","@id":"https:\/\/leversens.com\/#website","url":"https:\/\/leversens.com\/","name":"Leversens","description":"Ayudamos a l\u00edderes lograr sus metas cr\u00edticas m\u00e1s r\u00e1pido.","potentialAction":[{"@type":"SearchAction","target":{"@type":"EntryPoint","urlTemplate":"https:\/\/leversens.com\/?s={search_term_string}"},"query-input":"required name=search_term_string"}],"inLanguage":"en-US"}]}},"_links":{"self":[{"href":"https:\/\/leversens.com\/en\/wp-json\/wp\/v2\/pages\/1415"}],"collection":[{"href":"https:\/\/leversens.com\/en\/wp-json\/wp\/v2\/pages"}],"about":[{"href":"https:\/\/leversens.com\/en\/wp-json\/wp\/v2\/types\/page"}],"author":[{"embeddable":true,"href":"https:\/\/leversens.com\/en\/wp-json\/wp\/v2\/users\/2"}],"replies":[{"embeddable":true,"href":"https:\/\/leversens.com\/en\/wp-json\/wp\/v2\/comments?post=1415"}],"version-history":[{"count":60,"href":"https:\/\/leversens.com\/en\/wp-json\/wp\/v2\/pages\/1415\/revisions"}],"predecessor-version":[{"id":5158,"href":"https:\/\/leversens.com\/en\/wp-json\/wp\/v2\/pages\/1415\/revisions\/5158"}],"wp:attachment":[{"href":"https:\/\/leversens.com\/en\/wp-json\/wp\/v2\/media?parent=1415"}],"curies":[{"name":"wp","href":"https:\/\/api.w.org\/{rel}","templated":true}]}}