{"id":2044,"date":"2019-04-22T16:40:00","date_gmt":"2019-04-22T16:40:00","guid":{"rendered":"https:\/\/leversens.com\/?page_id=2044"},"modified":"2022-06-28T10:36:06","modified_gmt":"2022-06-28T15:36:06","slug":"contactenos","status":"publish","type":"page","link":"https:\/\/leversens.com\/en\/contactenos\/","title":{"rendered":"Contact Us"},"content":{"rendered":"<p>[et_pb_section fb_built=\u00bb1&#8243; admin_label=\u00bbContact Info \u00bb _builder_version=\u00bb3.22&#8243; custom_padding=\u00bb0|0px|44.3906px|0px|false|false\u00bb global_colors_info=\u00bb{}\u00bb][et_pb_row column_structure=\u00bb2_3,1_3&#8243; admin_label=\u00bbContact Row\u00bb _builder_version=\u00bb3.25&#8243; custom_padding=\u00bb0|0px|2px|0px|false|false\u00bb global_colors_info=\u00bb{}\u00bb][et_pb_column type=\u00bb2_3&#8243; _builder_version=\u00bb3.25&#8243; custom_padding=\u00bb|||\u00bb global_colors_info=\u00bb{}\u00bb custom_padding__hover=\u00bb|||\u00bb][et_pb_contact_form email=\u00bbcontactenos@leversens.com\u00bb title=\u00bbEscr\u00edbenos \u00bb custom_message=\u00bbMensaje enviado desde el formulario de contacto de la pagina web leversens.com||et_pb_line_break_holder||Nombre:  %%Name%%||et_pb_line_break_holder||Correo:  %%Email%%||et_pb_line_break_holder||Tel\u00e9fono:  %%cel%%||et_pb_line_break_holder||Empresa: %%empresa%%||et_pb_line_break_holder||Cargo: %%Cargo_2%%||et_pb_line_break_holder||Mensaje: %%Message%%\u00bb success_message=\u00bbGracias por ponerte en contacto con nosotros, estaremos en comunicaci\u00f3n contigo pronto. \u00bb submit_button_text=\u00bbContactar\u00bb module_id=\u00bbet_pb_contact_form_0&#8243; _builder_version=\u00bb4.13.1&#8243; _unique_id=\u00bba15348e2-49cf-4b07-aaf4-476a543f05c6&#8243; form_field_background_color=\u00bbrgba(0,0,0,0.03)\u00bb title_level=\u00bbh2&#8243; title_font=\u00bbCormorant Garamond||||||||\u00bb title_font_size=\u00bb45px\u00bb title_line_height=\u00bb1.8em\u00bb form_field_font=\u00bbPoppins||||||||\u00bb form_field_font_size=\u00bb16px\u00bb custom_button=\u00bbon\u00bb button_text_size=\u00bb14px\u00bb button_text_color=\u00bb#ffffff\u00bb button_bg_color=\u00bb#c4beb9&#8243; button_border_width=\u00bb16px\u00bb button_border_color=\u00bb#c4beb9&#8243; button_border_radius=\u00bb0px\u00bb button_letter_spacing=\u00bb4px\u00bb button_font=\u00bbPoppins|||on|||||\u00bb form_background_color=\u00bbrgba(0,0,0,0.03)\u00bb global_colors_info=\u00bb{}\u00bb button_text_color_hover=\u00bb#ffffff\u00bb button_bg_color_hover=\u00bb#ecd5c5&#8243; button_border_color_hover=\u00bb#ecd5c5&#8243; button_border_radius_hover=\u00bb0px\u00bb][et_pb_contact_field field_id=\u00bbName\u00bb field_title=\u00bbNombre\u00bb fullwidth_field=\u00bbon\u00bb _builder_version=\u00bb3.16&#8243; global_colors_info=\u00bb{}\u00bb button_text_size__hover_enabled=\u00bboff\u00bb button_one_text_size__hover_enabled=\u00bboff\u00bb button_two_text_size__hover_enabled=\u00bboff\u00bb button_text_color__hover_enabled=\u00bboff\u00bb button_one_text_color__hover_enabled=\u00bboff\u00bb button_two_text_color__hover_enabled=\u00bboff\u00bb button_border_width__hover_enabled=\u00bboff\u00bb button_one_border_width__hover_enabled=\u00bboff\u00bb button_two_border_width__hover_enabled=\u00bboff\u00bb button_border_color__hover_enabled=\u00bboff\u00bb button_one_border_color__hover_enabled=\u00bboff\u00bb button_two_border_color__hover_enabled=\u00bboff\u00bb button_border_radius__hover_enabled=\u00bboff\u00bb button_one_border_radius__hover_enabled=\u00bboff\u00bb button_two_border_radius__hover_enabled=\u00bboff\u00bb button_letter_spacing__hover_enabled=\u00bboff\u00bb button_one_letter_spacing__hover_enabled=\u00bboff\u00bb button_two_letter_spacing__hover_enabled=\u00bboff\u00bb button_bg_color__hover_enabled=\u00bboff\u00bb button_one_bg_color__hover_enabled=\u00bboff\u00bb button_two_bg_color__hover_enabled=\u00bboff\u00bb][\/et_pb_contact_field][et_pb_contact_field field_id=\u00bbEmail\u00bb field_title=\u00bbCorreo electr\u00f3nico \u00bb fullwidth_field=\u00bbon\u00bb _builder_version=\u00bb3.16&#8243; global_colors_info=\u00bb{}\u00bb button_text_size__hover_enabled=\u00bboff\u00bb button_one_text_size__hover_enabled=\u00bboff\u00bb button_two_text_size__hover_enabled=\u00bboff\u00bb button_text_color__hover_enabled=\u00bboff\u00bb button_one_text_color__hover_enabled=\u00bboff\u00bb button_two_text_color__hover_enabled=\u00bboff\u00bb button_border_width__hover_enabled=\u00bboff\u00bb button_one_border_width__hover_enabled=\u00bboff\u00bb button_two_border_width__hover_enabled=\u00bboff\u00bb button_border_color__hover_enabled=\u00bboff\u00bb button_one_border_color__hover_enabled=\u00bboff\u00bb button_two_border_color__hover_enabled=\u00bboff\u00bb button_border_radius__hover_enabled=\u00bboff\u00bb button_one_border_radius__hover_enabled=\u00bboff\u00bb button_two_border_radius__hover_enabled=\u00bboff\u00bb button_letter_spacing__hover_enabled=\u00bboff\u00bb button_one_letter_spacing__hover_enabled=\u00bboff\u00bb button_two_letter_spacing__hover_enabled=\u00bboff\u00bb button_bg_color__hover_enabled=\u00bboff\u00bb button_one_bg_color__hover_enabled=\u00bboff\u00bb button_two_bg_color__hover_enabled=\u00bboff\u00bb][\/et_pb_contact_field][et_pb_contact_field field_id=\u00bbcel\u00bb field_title=\u00bbN\u00famero Telef\u00f3nico \u00bb fullwidth_field=\u00bbon\u00bb _builder_version=\u00bb3.16&#8243; global_colors_info=\u00bb{}\u00bb button_text_size__hover_enabled=\u00bboff\u00bb button_one_text_size__hover_enabled=\u00bboff\u00bb button_two_text_size__hover_enabled=\u00bboff\u00bb button_text_color__hover_enabled=\u00bboff\u00bb button_one_text_color__hover_enabled=\u00bboff\u00bb button_two_text_color__hover_enabled=\u00bboff\u00bb button_border_width__hover_enabled=\u00bboff\u00bb button_one_border_width__hover_enabled=\u00bboff\u00bb button_two_border_width__hover_enabled=\u00bboff\u00bb button_border_color__hover_enabled=\u00bboff\u00bb button_one_border_color__hover_enabled=\u00bboff\u00bb button_two_border_color__hover_enabled=\u00bboff\u00bb button_border_radius__hover_enabled=\u00bboff\u00bb button_one_border_radius__hover_enabled=\u00bboff\u00bb button_two_border_radius__hover_enabled=\u00bboff\u00bb button_letter_spacing__hover_enabled=\u00bboff\u00bb button_one_letter_spacing__hover_enabled=\u00bboff\u00bb button_two_letter_spacing__hover_enabled=\u00bboff\u00bb button_bg_color__hover_enabled=\u00bboff\u00bb button_one_bg_color__hover_enabled=\u00bboff\u00bb button_two_bg_color__hover_enabled=\u00bboff\u00bb][\/et_pb_contact_field][et_pb_contact_field field_id=\u00bbempresa\u00bb field_title=\u00bbEmpresa\u00bb required_mark=\u00bboff\u00bb _builder_version=\u00bb3.16&#8243; global_colors_info=\u00bb{}\u00bb button_text_size__hover_enabled=\u00bboff\u00bb button_one_text_size__hover_enabled=\u00bboff\u00bb button_two_text_size__hover_enabled=\u00bboff\u00bb button_text_color__hover_enabled=\u00bboff\u00bb button_one_text_color__hover_enabled=\u00bboff\u00bb button_two_text_color__hover_enabled=\u00bboff\u00bb button_border_width__hover_enabled=\u00bboff\u00bb button_one_border_width__hover_enabled=\u00bboff\u00bb button_two_border_width__hover_enabled=\u00bboff\u00bb button_border_color__hover_enabled=\u00bboff\u00bb button_one_border_color__hover_enabled=\u00bboff\u00bb button_two_border_color__hover_enabled=\u00bboff\u00bb button_border_radius__hover_enabled=\u00bboff\u00bb button_one_border_radius__hover_enabled=\u00bboff\u00bb button_two_border_radius__hover_enabled=\u00bboff\u00bb button_letter_spacing__hover_enabled=\u00bboff\u00bb button_one_letter_spacing__hover_enabled=\u00bboff\u00bb button_two_letter_spacing__hover_enabled=\u00bboff\u00bb button_bg_color__hover_enabled=\u00bboff\u00bb button_one_bg_color__hover_enabled=\u00bboff\u00bb button_two_bg_color__hover_enabled=\u00bboff\u00bb][\/et_pb_contact_field][et_pb_contact_field field_id=\u00bbCargo_2&#8243; field_title=\u00bbCargo\u00bb required_mark=\u00bboff\u00bb _builder_version=\u00bb3.16&#8243; global_colors_info=\u00bb{}\u00bb button_text_size__hover_enabled=\u00bboff\u00bb button_one_text_size__hover_enabled=\u00bboff\u00bb button_two_text_size__hover_enabled=\u00bboff\u00bb button_text_color__hover_enabled=\u00bboff\u00bb button_one_text_color__hover_enabled=\u00bboff\u00bb button_two_text_color__hover_enabled=\u00bboff\u00bb button_border_width__hover_enabled=\u00bboff\u00bb button_one_border_width__hover_enabled=\u00bboff\u00bb button_two_border_width__hover_enabled=\u00bboff\u00bb button_border_color__hover_enabled=\u00bboff\u00bb button_one_border_color__hover_enabled=\u00bboff\u00bb button_two_border_color__hover_enabled=\u00bboff\u00bb button_border_radius__hover_enabled=\u00bboff\u00bb button_one_border_radius__hover_enabled=\u00bboff\u00bb button_two_border_radius__hover_enabled=\u00bboff\u00bb button_letter_spacing__hover_enabled=\u00bboff\u00bb button_one_letter_spacing__hover_enabled=\u00bboff\u00bb button_two_letter_spacing__hover_enabled=\u00bboff\u00bb button_bg_color__hover_enabled=\u00bboff\u00bb button_one_bg_color__hover_enabled=\u00bboff\u00bb button_two_bg_color__hover_enabled=\u00bboff\u00bb][\/et_pb_contact_field][et_pb_contact_field field_id=\u00bbMessage\u00bb field_title=\u00bbMensaje\u00bb field_type=\u00bbtext\u00bb fullwidth_field=\u00bbon\u00bb _builder_version=\u00bb3.16&#8243; global_colors_info=\u00bb{}\u00bb button_text_size__hover_enabled=\u00bboff\u00bb button_one_text_size__hover_enabled=\u00bboff\u00bb button_two_text_size__hover_enabled=\u00bboff\u00bb button_text_color__hover_enabled=\u00bboff\u00bb button_one_text_color__hover_enabled=\u00bboff\u00bb button_two_text_color__hover_enabled=\u00bboff\u00bb button_border_width__hover_enabled=\u00bboff\u00bb button_one_border_width__hover_enabled=\u00bboff\u00bb button_two_border_width__hover_enabled=\u00bboff\u00bb button_border_color__hover_enabled=\u00bboff\u00bb button_one_border_color__hover_enabled=\u00bboff\u00bb button_two_border_color__hover_enabled=\u00bboff\u00bb button_border_radius__hover_enabled=\u00bboff\u00bb button_one_border_radius__hover_enabled=\u00bboff\u00bb button_two_border_radius__hover_enabled=\u00bboff\u00bb button_letter_spacing__hover_enabled=\u00bboff\u00bb button_one_letter_spacing__hover_enabled=\u00bboff\u00bb button_two_letter_spacing__hover_enabled=\u00bboff\u00bb button_bg_color__hover_enabled=\u00bboff\u00bb button_one_bg_color__hover_enabled=\u00bboff\u00bb button_two_bg_color__hover_enabled=\u00bboff\u00bb][\/et_pb_contact_field][\/et_pb_contact_form][\/et_pb_column][et_pb_column type=\u00bb1_3&#8243; _builder_version=\u00bb3.25&#8243; custom_padding=\u00bb|||6%\u00bb custom_padding_tablet=\u00bb0px|||\u00bb custom_padding_last_edited=\u00bboff|desktop\u00bb global_colors_info=\u00bb{}\u00bb padding_tablet=\u00bb0px|||\u00bb padding_last_edited=\u00bboff|desktop\u00bb custom_padding__hover=\u00bb|||\u00bb][et_pb_text admin_label=\u00bbTitle &#038; Paragraph\u00bb _builder_version=\u00bb3.27.4&#8243; text_font=\u00bbPoppins||||||||\u00bb text_line_height=\u00bb1.8em\u00bb link_font=\u00bb||||||||\u00bb link_text_color=\u00bb#f28560&#8243; ul_font=\u00bb||||||||\u00bb header_font=\u00bb||||||||\u00bb header_2_font=\u00bb||||||||\u00bb header_3_font=\u00bbCormorant Garamond||||||||\u00bb header_3_font_size=\u00bb45px\u00bb header_3_line_height=\u00bb1.5em\u00bb header_4_font=\u00bb||||||||\u00bb max_width_tablet=\u00bb100%\u00bb max_width_phone=\u00bb100%\u00bb max_width_last_edited=\u00bbon|desktop\u00bb module_alignment=\u00bbright\u00bb custom_margin=\u00bb|||\u00bb global_colors_info=\u00bb{}\u00bb]<\/p>\n<h3>Informaci\u00f3n<span>\u00a0<\/span><\/h3>\n<p><a href=\"mailto:contactenos@leversens.com\">contactenos@leversens.com<\/a><\/p>\n<p><span>WA: +57 (316) 468 9627<\/span><\/p>\n<p>CEL: +1 (561) 563 1932<span><\/span><\/p>\n<p><span><\/span><\/p>\n<p>[\/et_pb_text][et_pb_text admin_label=\u00bbTitle &#038; Paragraph\u00bb _builder_version=\u00bb3.27.4&#8243; text_font=\u00bbPoppins||||||||\u00bb text_line_height=\u00bb1.8em\u00bb link_font=\u00bb||||||||\u00bb link_text_color=\u00bb#f28560&#8243; ul_font=\u00bb||||||||\u00bb header_font=\u00bb||||||||\u00bb header_2_font=\u00bb||||||||\u00bb header_3_font=\u00bbCormorant Garamond||||||||\u00bb header_3_font_size=\u00bb45px\u00bb header_3_line_height=\u00bb1.5em\u00bb header_4_font=\u00bb||||||||\u00bb max_width_tablet=\u00bb100%\u00bb max_width_phone=\u00bb100%\u00bb max_width_last_edited=\u00bbon|desktop\u00bb module_alignment=\u00bbright\u00bb custom_margin=\u00bb|||\u00bb global_colors_info=\u00bb{}\u00bb]<\/p>\n<h3>Respuesta<\/h3>\n<p>Tus opiniones son muy importante para nosotros, Tendr\u00e1s unas repuesta en menos de 4 horas.\u00a0<\/p>\n<p>[\/et_pb_text][\/et_pb_column][\/et_pb_row][\/et_pb_section][et_pb_section fb_built=\u00bb1&#8243; admin_label=\u00bbWhat we do\u00bb _builder_version=\u00bb3.22&#8243; use_background_color_gradient=\u00bbon\u00bb background_color_gradient_start=\u00bb#ffffff\u00bb background_color_gradient_end=\u00bb#f78300&#8243; background_color_gradient_direction=\u00bb188deg\u00bb background_color_gradient_start_position=\u00bb44%\u00bb custom_padding=\u00bb0|0px|0|0px|true|false\u00bb top_divider_style=\u00bbarrow3&#8243; top_divider_color=\u00bbrgba(255,255,255,0.56)\u00bb top_divider_height=\u00bb500px\u00bb top_divider_repeat=\u00bb2x\u00bb bottom_divider_color=\u00bbrgba(255,255,255,0.55)\u00bb bottom_divider_repeat=\u00bb2x\u00bb locked=\u00bboff\u00bb global_colors_info=\u00bb{}\u00bb][et_pb_row column_structure=\u00bb1_2,1_2&#8243; admin_label=\u00bbwhat we do Row\u00bb _builder_version=\u00bb3.25&#8243; custom_padding=\u00bb|||\u00bb global_colors_info=\u00bb{}\u00bb][et_pb_column type=\u00bb1_2&#8243; _builder_version=\u00bb3.25&#8243; custom_padding=\u00bb|||\u00bb global_colors_info=\u00bb{}\u00bb custom_padding__hover=\u00bb|||\u00bb][et_pb_text admin_label=\u00bbSubheading\u00bb _builder_version=\u00bb3.27.4&#8243; text_font=\u00bbCormorant Garamond||||||||\u00bb text_font_size=\u00bb20px\u00bb text_line_height=\u00bb1.8em\u00bb link_font=\u00bb||||||||\u00bb ul_font=\u00bb||||||||\u00bb header_font=\u00bb||||||||\u00bb header_2_font=\u00bb||||||||\u00bb header_3_font=\u00bb||||||||\u00bb header_3_font_size=\u00bb45px\u00bb header_3_line_height=\u00bb1.5em\u00bb header_4_font=\u00bb||||||||\u00bb header_5_font=\u00bbPoppins|700||on|||||\u00bb header_5_text_color=\u00bb#ecd5c5&#8243; header_5_letter_spacing=\u00bb15px\u00bb header_5_line_height=\u00bb1.8em\u00bb max_width_tablet=\u00bb100%\u00bb max_width_phone=\u00bb100%\u00bb max_width_last_edited=\u00bboff|desktop\u00bb module_alignment=\u00bbright\u00bb custom_margin=\u00bb|||\u00bb custom_padding=\u00bb|||\u00bb global_colors_info=\u00bb{}\u00bb]<\/p>\n<h5>HABLEMOS<\/h5>\n<h3>Programar una cita o consulta.\u00a0<\/h3>\n<p>[\/et_pb_text][\/et_pb_column][et_pb_column type=\u00bb1_2&#8243; _builder_version=\u00bb3.25&#8243; custom_padding=\u00bb|||\u00bb global_colors_info=\u00bb{}\u00bb custom_padding__hover=\u00bb|||\u00bb][et_pb_text admin_label=\u00bbSubheading\u00bb _builder_version=\u00bb3.27.4&#8243; text_font=\u00bbCormorant Garamond||||||||\u00bb text_font_size=\u00bb20px\u00bb text_line_height=\u00bb1.8em\u00bb link_font=\u00bb||||||||\u00bb ul_font=\u00bb||||||||\u00bb header_font=\u00bb||||||||\u00bb header_2_font=\u00bb||||||||\u00bb header_3_font=\u00bb||||||||\u00bb header_3_font_size=\u00bb45px\u00bb header_3_line_height=\u00bb1.5em\u00bb header_4_font=\u00bb||||||||\u00bb header_5_font=\u00bbPoppins|700||on|||||\u00bb header_5_text_color=\u00bb#ecd5c5&#8243; header_5_letter_spacing=\u00bb15px\u00bb header_5_line_height=\u00bb1.8em\u00bb max_width_tablet=\u00bb100%\u00bb max_width_phone=\u00bb100%\u00bb max_width_last_edited=\u00bboff|desktop\u00bb module_alignment=\u00bbright\u00bb custom_margin=\u00bb|||\u00bb custom_padding=\u00bb|||\u00bb locked=\u00bboff\u00bb global_colors_info=\u00bb{}\u00bb][\/et_pb_text][et_pb_text _builder_version=\u00bb3.27.4&#8243; global_colors_info=\u00bb{}\u00bb]<\/p>\n<p>En Leversens buscamos conocer de primera mano las necesidades de nuestros clientes, as\u00ed brindar soluciones a la medida y \u00fanicas para cada empresa.<\/p>\n<p>[\/et_pb_text][\/et_pb_column][\/et_pb_row][\/et_pb_section][et_pb_section fb_built=\u00bb1&#8243; fullwidth=\u00bbon\u00bb _builder_version=\u00bb3.22&#8243; global_colors_info=\u00bb{}\u00bb][et_pb_fullwidth_code text_orientation=\u00bbcenter\u00bb global_colors_info=\u00bb{}\u00bb]<iframe loading=\"lazy\" src=\"https:\/\/www.google.com\/maps\/embed?pb=!1m14!1m8!1m3!1d15905.895027257726!2d-74.060176!3d4.6874255!3m2!1i1024!2i768!4f13.1!3m3!1m2!1s0x0%3A0xbc3d5ac089f45a32!2sLeversens+Ltda.!5e0!3m2!1ses!2sco!4v1556047960811!5m2!1ses!2sco\" width=\"1200\" height=\"500\" frameborder=\"0\" style=\"border:0\" allowfullscreen><\/iframe>[\/et_pb_fullwidth_code][\/et_pb_section]<\/p>","protected":false},"excerpt":{"rendered":"<p>Informaci\u00f3n\u00a0 contactenos@leversens.com WA: +57 (316) 468 9627 CEL: +1 (561) 563 1932 Respuesta Tus opiniones son muy importante para nosotros, Tendr\u00e1s unas repuesta en menos de 4 horas.\u00a0HABLEMOS Programar una cita o consulta.\u00a0En Leversens buscamos conocer de primera mano las necesidades de nuestros clientes, as\u00ed brindar soluciones a la medida y \u00fanicas para cada empresa.<\/p>","protected":false},"author":1,"featured_media":2056,"parent":0,"menu_order":0,"comment_status":"closed","ping_status":"closed","template":"","meta":{"_et_pb_use_builder":"on","_et_pb_old_content":"","_et_gb_content_width":""},"yoast_head":"<!-- This site is optimized with the Yoast SEO plugin v19.14 - https:\/\/yoast.com\/wordpress\/plugins\/seo\/ -->\n<title>Cont\u00e1ctenos - Leversens<\/title>\n<meta name=\"robots\" content=\"index, follow, max-snippet:-1, max-image-preview:large, max-video-preview:-1\" \/>\n<link rel=\"canonical\" href=\"https:\/\/leversens.com\/en\/contactenos\/\" \/>\n<meta property=\"og:locale\" content=\"en_US\" \/>\n<meta property=\"og:type\" content=\"article\" \/>\n<meta property=\"og:title\" content=\"Cont\u00e1ctenos - Leversens\" \/>\n<meta property=\"og:description\" content=\"Informaci\u00f3n\u00a0 contactenos@leversens.com WA: +57 (316) 468 9627 CEL: +1 (561) 563 1932 Respuesta Tus opiniones son muy importante para nosotros, Tendr\u00e1s unas repuesta en menos de 4 horas.\u00a0HABLEMOS Programar una cita o consulta.\u00a0En Leversens buscamos conocer de primera mano las necesidades de nuestros clientes, as\u00ed brindar soluciones a la medida y \u00fanicas para cada empresa.\" \/>\n<meta property=\"og:url\" content=\"https:\/\/leversens.com\/en\/contactenos\/\" \/>\n<meta property=\"og:site_name\" content=\"Leversens\" \/>\n<meta property=\"article:modified_time\" content=\"2022-06-28T15:36:06+00:00\" \/>\n<meta property=\"og:image\" content=\"https:\/\/leversens.com\/wp-content\/uploads\/2019\/04\/contacto.png\" \/>\n\t<meta property=\"og:image:width\" content=\"1024\" \/>\n\t<meta property=\"og:image:height\" content=\"355\" \/>\n\t<meta property=\"og:image:type\" content=\"image\/png\" \/>\n<meta name=\"twitter:card\" content=\"summary_large_image\" \/>\n<meta name=\"twitter:label1\" content=\"Est. reading time\" \/>\n\t<meta name=\"twitter:data1\" content=\"9 minutes\" \/>\n<script type=\"application\/ld+json\" class=\"yoast-schema-graph\">{\"@context\":\"https:\/\/schema.org\",\"@graph\":[{\"@type\":\"WebPage\",\"@id\":\"https:\/\/leversens.com\/contactenos\/\",\"url\":\"https:\/\/leversens.com\/contactenos\/\",\"name\":\"Cont\u00e1ctenos - Leversens\",\"isPartOf\":{\"@id\":\"https:\/\/leversens.com\/#website\"},\"datePublished\":\"2019-04-22T16:40:00+00:00\",\"dateModified\":\"2022-06-28T15:36:06+00:00\",\"breadcrumb\":{\"@id\":\"https:\/\/leversens.com\/contactenos\/#breadcrumb\"},\"inLanguage\":\"en-US\",\"potentialAction\":[{\"@type\":\"ReadAction\",\"target\":[\"https:\/\/leversens.com\/contactenos\/\"]}]},{\"@type\":\"BreadcrumbList\",\"@id\":\"https:\/\/leversens.com\/contactenos\/#breadcrumb\",\"itemListElement\":[{\"@type\":\"ListItem\",\"position\":1,\"name\":\"Home\",\"item\":\"https:\/\/leversens.com\/\"},{\"@type\":\"ListItem\",\"position\":2,\"name\":\"Cont\u00e1ctenos\"}]},{\"@type\":\"WebSite\",\"@id\":\"https:\/\/leversens.com\/#website\",\"url\":\"https:\/\/leversens.com\/\",\"name\":\"Leversens\",\"description\":\"Ayudamos a l\u00edderes lograr sus metas cr\u00edticas m\u00e1s r\u00e1pido.\",\"potentialAction\":[{\"@type\":\"SearchAction\",\"target\":{\"@type\":\"EntryPoint\",\"urlTemplate\":\"https:\/\/leversens.com\/?s={search_term_string}\"},\"query-input\":\"required name=search_term_string\"}],\"inLanguage\":\"en-US\"}]}<\/script>\n<!-- \/ Yoast SEO plugin. -->","yoast_head_json":{"title":"Cont\u00e1ctenos - Leversens","robots":{"index":"index","follow":"follow","max-snippet":"max-snippet:-1","max-image-preview":"max-image-preview:large","max-video-preview":"max-video-preview:-1"},"canonical":"https:\/\/leversens.com\/en\/contactenos\/","og_locale":"en_US","og_type":"article","og_title":"Cont\u00e1ctenos - Leversens","og_description":"Informaci\u00f3n\u00a0 contactenos@leversens.com WA: +57 (316) 468 9627 CEL: +1 (561) 563 1932 Respuesta Tus opiniones son muy importante para nosotros, Tendr\u00e1s unas repuesta en menos de 4 horas.\u00a0HABLEMOS Programar una cita o consulta.\u00a0En Leversens buscamos conocer de primera mano las necesidades de nuestros clientes, as\u00ed brindar soluciones a la medida y \u00fanicas para cada empresa.","og_url":"https:\/\/leversens.com\/en\/contactenos\/","og_site_name":"Leversens","article_modified_time":"2022-06-28T15:36:06+00:00","og_image":[{"width":1024,"height":355,"url":"https:\/\/leversens.com\/wp-content\/uploads\/2019\/04\/contacto.png","type":"image\/png"}],"twitter_card":"summary_large_image","twitter_misc":{"Est. reading time":"9 minutes"},"schema":{"@context":"https:\/\/schema.org","@graph":[{"@type":"WebPage","@id":"https:\/\/leversens.com\/contactenos\/","url":"https:\/\/leversens.com\/contactenos\/","name":"Cont\u00e1ctenos - Leversens","isPartOf":{"@id":"https:\/\/leversens.com\/#website"},"datePublished":"2019-04-22T16:40:00+00:00","dateModified":"2022-06-28T15:36:06+00:00","breadcrumb":{"@id":"https:\/\/leversens.com\/contactenos\/#breadcrumb"},"inLanguage":"en-US","potentialAction":[{"@type":"ReadAction","target":["https:\/\/leversens.com\/contactenos\/"]}]},{"@type":"BreadcrumbList","@id":"https:\/\/leversens.com\/contactenos\/#breadcrumb","itemListElement":[{"@type":"ListItem","position":1,"name":"Home","item":"https:\/\/leversens.com\/"},{"@type":"ListItem","position":2,"name":"Cont\u00e1ctenos"}]},{"@type":"WebSite","@id":"https:\/\/leversens.com\/#website","url":"https:\/\/leversens.com\/","name":"Leversens","description":"Ayudamos a l\u00edderes lograr sus metas cr\u00edticas m\u00e1s r\u00e1pido.","potentialAction":[{"@type":"SearchAction","target":{"@type":"EntryPoint","urlTemplate":"https:\/\/leversens.com\/?s={search_term_string}"},"query-input":"required name=search_term_string"}],"inLanguage":"en-US"}]}},"_links":{"self":[{"href":"https:\/\/leversens.com\/en\/wp-json\/wp\/v2\/pages\/2044"}],"collection":[{"href":"https:\/\/leversens.com\/en\/wp-json\/wp\/v2\/pages"}],"about":[{"href":"https:\/\/leversens.com\/en\/wp-json\/wp\/v2\/types\/page"}],"author":[{"embeddable":true,"href":"https:\/\/leversens.com\/en\/wp-json\/wp\/v2\/users\/1"}],"replies":[{"embeddable":true,"href":"https:\/\/leversens.com\/en\/wp-json\/wp\/v2\/comments?post=2044"}],"version-history":[{"count":23,"href":"https:\/\/leversens.com\/en\/wp-json\/wp\/v2\/pages\/2044\/revisions"}],"predecessor-version":[{"id":5076,"href":"https:\/\/leversens.com\/en\/wp-json\/wp\/v2\/pages\/2044\/revisions\/5076"}],"wp:featuredmedia":[{"embeddable":true,"href":"https:\/\/leversens.com\/en\/wp-json\/wp\/v2\/media\/2056"}],"wp:attachment":[{"href":"https:\/\/leversens.com\/en\/wp-json\/wp\/v2\/media?parent=2044"}],"curies":[{"name":"wp","href":"https:\/\/api.w.org\/{rel}","templated":true}]}}