{"id":3703,"date":"2020-01-10T15:14:54","date_gmt":"2020-01-10T15:14:54","guid":{"rendered":"https:\/\/leversens.com\/?page_id=3703"},"modified":"2020-03-19T16:09:44","modified_gmt":"2020-03-19T16:09:44","slug":"lever-bi","status":"publish","type":"page","link":"https:\/\/leversens.com\/en\/lever-bi\/","title":{"rendered":"Lever BI"},"content":{"rendered":"<p>[et_pb_section fb_built=\u00bb1&#8243; fullwidth=\u00bbon\u00bb admin_label=\u00bbHero\u00bb _builder_version=\u00bb3.22&#8243; background_image=\u00bbhttps:\/\/leversens.com\/wp-content\/uploads\/2020\/01\/business-coach-0034.jpg\u00bb parallax=\u00bbon\u00bb][\/et_pb_section][et_pb_section fb_built=\u00bb1&#8243; _builder_version=\u00bb3.26.5&#8243;][et_pb_row _builder_version=\u00bb3.26.5&#8243;][et_pb_column type=\u00bb4_4&#8243; _builder_version=\u00bb3.26.5&#8243;][et_pb_code _builder_version=\u00bb3.26.5&#8243;]<iframe loading=\"lazy\" width=\"933\" height=\"700\" src=\"https:\/\/app.powerbi.com\/view?r=eyJrIjoiODA3NzUzNDAtODQ4Yy00OTNlLWEwYjYtZjVkZGNkOTVlZTVkIiwidCI6IjU2MDE4MTRlLTI0OWMtNDlkZi05MzRhLTZiNzQxNDUyODllNSJ9\" frameborder=\"0\" allowFullScreen=\"true\"><\/iframe>[\/et_pb_code][\/et_pb_column][\/et_pb_row][et_pb_row _builder_version=\u00bb3.26.5&#8243;][et_pb_column type=\u00bb4_4&#8243; _builder_version=\u00bb3.26.5&#8243;][et_pb_code _builder_version=\u00bb3.26.5&#8243;]<iframe loading=\"lazy\" width=\"933\" height=\"700\" src=\"https:\/\/app.powerbi.com\/view?r=eyJrIjoiYzNiZTQ2ODItOGUyZS00MWUwLWIxNWUtZTBlYzM5NzVjYzk1IiwidCI6IjU2MDE4MTRlLTI0OWMtNDlkZi05MzRhLTZiNzQxNDUyODllNSJ9\" frameborder=\"0\" allowFullScreen=\"true\"><\/iframe>[\/et_pb_code][\/et_pb_column][\/et_pb_row][et_pb_row _builder_version=\u00bb3.26.5&#8243;][et_pb_column type=\u00bb4_4&#8243; _builder_version=\u00bb3.26.5&#8243;][et_pb_code _builder_version=\u00bb3.26.5&#8243;]<iframe loading=\"lazy\" width=\"933\" height=\"700\" src=\"https:\/\/app.powerbi.com\/view?r=eyJrIjoiZmU4MjZhNGItOTE4NS00MDE5LTlkMWItM2U2Y2NmNDNiZTA0IiwidCI6IjU2MDE4MTRlLTI0OWMtNDlkZi05MzRhLTZiNzQxNDUyODllNSJ9\" frameborder=\"0\" allowFullScreen=\"true\"><\/iframe>[\/et_pb_code][\/et_pb_column][\/et_pb_row][\/et_pb_section][et_pb_section fb_built=\u00bb1&#8243; _builder_version=\u00bb3.22&#8243; custom_padding=\u00bb0|0px|0|0px|false|false\u00bb global_module=\u00bb2188&#8243; saved_tabs=\u00bball\u00bb][et_pb_row column_structure=\u00bb1_3,1_3,1_3&#8243; _builder_version=\u00bb3.26.3&#8243;][et_pb_column type=\u00bb1_3&#8243; _builder_version=\u00bb3.26.3&#8243;][et_pb_image src=\u00bbhttps:\/\/leversens.com\/wp-content\/uploads\/2019\/04\/leversens..jpeg\u00bb _builder_version=\u00bb3.26.3&#8243; width=\u00bb65%\u00bb module_alignment=\u00bbcenter\u00bb custom_margin=\u00bb-27px||||false|false\u00bb][\/et_pb_image][\/et_pb_column][et_pb_column type=\u00bb1_3&#8243; _builder_version=\u00bb3.26.3&#8243;][et_pb_text _builder_version=\u00bb3.26.3&#8243; text_font=\u00bbVerdana||||||||\u00bb text_text_align=\u00bbcenter\u00bb text_text_color=\u00bb#000000&#8243; custom_margin=\u00bb11px||||false|false\u00bb]<\/p>\n<p>Av. calle 100 # 47a &#8211; 11 Bogot\u00e1- Colombia<br \/>Cel: (+57) 316 468 9625<br \/>Tel: (+57) 5897521<br \/> hectorpaez@leversens.com<\/p>\n<p>[\/et_pb_text][\/et_pb_column][et_pb_column type=\u00bb1_3&#8243; _builder_version=\u00bb3.26.3&#8243;][et_pb_text _builder_version=\u00bb3.26.3&#8243; text_text_align=\u00bbcenter\u00bb custom_margin=\u00bb25px||||false|false\u00bb]<\/p>\n<p><a href=\"https:\/\/www.linkedin.com\/company\/leversens\/\" title=\"LinkedIn\"><img loading=\"lazy\" decoding=\"async\" src=\"https:\/\/leversens.com\/wp-content\/uploads\/2019\/04\/linkedin.png\" width=\"64\" height=\"64\" alt=\"\" class=\"wp-image-2152 alignnone size-full\" \/><\/a><a href=\"https:\/\/www.instagram.com\/leversensltda\/\" title=\"Instagram\"><img loading=\"lazy\" decoding=\"async\" src=\"https:\/\/leversens.com\/wp-content\/uploads\/2019\/04\/insta2.png\" width=\"64\" height=\"64\" alt=\"\" class=\"wp-image-2151 alignnone size-full\" \/><\/a><a href=\"https:\/\/www.facebook.com\/leversens\/\" title=\"Facebook\"><img loading=\"lazy\" decoding=\"async\" src=\"https:\/\/leversens.com\/wp-content\/uploads\/2019\/04\/fb.png\" width=\"64\" height=\"64\" alt=\"\" class=\"wp-image-2146 alignnone size-full\" \/><\/a><a href=\"https:\/\/www.youtube.com\/channel\/UCe1YC40BomA0QM_vonnz0Lw\" title=\"Youtube\"><img loading=\"lazy\" decoding=\"async\" src=\"https:\/\/leversens.com\/wp-content\/uploads\/2019\/04\/youtube3.png\" width=\"64\" height=\"64\" alt=\"\" class=\"wp-image-2153 alignnone size-full\" \/><\/a><\/p>\n<p>[\/et_pb_text][\/et_pb_column][\/et_pb_row][\/et_pb_section]<\/p>\n","protected":false},"excerpt":{"rendered":"<p>Av. calle 100 # 47a &#8211; 11 Bogot\u00e1- ColombiaCel: (+57) 316 468 9625Tel: (+57) 5897521 hectorpaez@leversens.com<\/p>","protected":false},"author":1,"featured_media":0,"parent":0,"menu_order":0,"comment_status":"closed","ping_status":"closed","template":"","meta":{"_et_pb_use_builder":"on","_et_pb_old_content":"","_et_gb_content_width":"","footnotes":""},"class_list":["post-3703","page","type-page","status-publish","hentry"],"yoast_head":"<!-- This site is optimized with the Yoast SEO plugin v27.4 - https:\/\/yoast.com\/product\/yoast-seo-wordpress\/ -->\n<title>Lever BI - Leversens<\/title>\n<meta name=\"description\" content=\"Inteligencia de negocio con la l\u00f3gica de teor\u00eda de restricciones, apoya la toma de decisiones de forma preventiva y no reactiva.\" \/>\n<meta name=\"robots\" content=\"index, follow, max-snippet:-1, max-image-preview:large, max-video-preview:-1\" \/>\n<link rel=\"canonical\" href=\"https:\/\/leversens.com\/en\/lever-bi\/\" \/>\n<meta property=\"og:locale\" content=\"en_US\" \/>\n<meta property=\"og:type\" content=\"article\" \/>\n<meta property=\"og:title\" content=\"Lever BI - Leversens\" \/>\n<meta property=\"og:description\" content=\"Inteligencia de negocio con la l\u00f3gica de teor\u00eda de restricciones, apoya la toma de decisiones de forma preventiva y no reactiva.\" \/>\n<meta property=\"og:url\" content=\"https:\/\/leversens.com\/en\/lever-bi\/\" \/>\n<meta property=\"og:site_name\" content=\"Leversens\" \/>\n<meta property=\"article:modified_time\" content=\"2020-03-19T16:09:44+00:00\" \/>\n<meta property=\"og:image\" content=\"https:\/\/leversens.com\/wp-content\/uploads\/2019\/04\/linkedin.png\" \/>\n\t<meta property=\"og:image:width\" content=\"64\" \/>\n\t<meta property=\"og:image:height\" content=\"64\" \/>\n\t<meta property=\"og:image:type\" content=\"image\/png\" \/>\n<meta name=\"twitter:card\" content=\"summary_large_image\" \/>\n<meta name=\"twitter:label1\" content=\"Est. reading time\" \/>\n\t<meta name=\"twitter:data1\" content=\"1 minute\" \/>\n<script type=\"application\/ld+json\" class=\"yoast-schema-graph\">{\"@context\":\"https:\\\/\\\/schema.org\",\"@graph\":[{\"@type\":\"WebPage\",\"@id\":\"https:\\\/\\\/leversens.com\\\/en\\\/lever-bi\\\/\",\"url\":\"https:\\\/\\\/leversens.com\\\/en\\\/lever-bi\\\/\",\"name\":\"Lever BI - Leversens\",\"isPartOf\":{\"@id\":\"https:\\\/\\\/leversens.com\\\/#website\"},\"primaryImageOfPage\":{\"@id\":\"https:\\\/\\\/leversens.com\\\/en\\\/lever-bi\\\/#primaryimage\"},\"image\":{\"@id\":\"https:\\\/\\\/leversens.com\\\/en\\\/lever-bi\\\/#primaryimage\"},\"thumbnailUrl\":\"https:\\\/\\\/leversens.com\\\/wp-content\\\/uploads\\\/2019\\\/04\\\/linkedin.png\",\"datePublished\":\"2020-01-10T15:14:54+00:00\",\"dateModified\":\"2020-03-19T16:09:44+00:00\",\"description\":\"Inteligencia de negocio con la l\u00f3gica de teor\u00eda de restricciones, apoya la toma de decisiones de forma preventiva y no reactiva.\",\"breadcrumb\":{\"@id\":\"https:\\\/\\\/leversens.com\\\/en\\\/lever-bi\\\/#breadcrumb\"},\"inLanguage\":\"en-US\",\"potentialAction\":[{\"@type\":\"ReadAction\",\"target\":[\"https:\\\/\\\/leversens.com\\\/en\\\/lever-bi\\\/\"]}]},{\"@type\":\"ImageObject\",\"inLanguage\":\"en-US\",\"@id\":\"https:\\\/\\\/leversens.com\\\/en\\\/lever-bi\\\/#primaryimage\",\"url\":\"https:\\\/\\\/leversens.com\\\/wp-content\\\/uploads\\\/2019\\\/04\\\/linkedin.png\",\"contentUrl\":\"https:\\\/\\\/leversens.com\\\/wp-content\\\/uploads\\\/2019\\\/04\\\/linkedin.png\"},{\"@type\":\"BreadcrumbList\",\"@id\":\"https:\\\/\\\/leversens.com\\\/en\\\/lever-bi\\\/#breadcrumb\",\"itemListElement\":[{\"@type\":\"ListItem\",\"position\":1,\"name\":\"Home\",\"item\":\"https:\\\/\\\/leversens.com\\\/\"},{\"@type\":\"ListItem\",\"position\":2,\"name\":\"Lever BI\"}]},{\"@type\":\"WebSite\",\"@id\":\"https:\\\/\\\/leversens.com\\\/#website\",\"url\":\"https:\\\/\\\/leversens.com\\\/\",\"name\":\"Leversens\",\"description\":\"Ayudamos a l\u00edderes lograr sus metas cr\u00edticas m\u00e1s r\u00e1pido.\",\"potentialAction\":[{\"@type\":\"SearchAction\",\"target\":{\"@type\":\"EntryPoint\",\"urlTemplate\":\"https:\\\/\\\/leversens.com\\\/?s={search_term_string}\"},\"query-input\":{\"@type\":\"PropertyValueSpecification\",\"valueRequired\":true,\"valueName\":\"search_term_string\"}}],\"inLanguage\":\"en-US\"}]}<\/script>\n<!-- \/ Yoast SEO plugin. -->","yoast_head_json":{"title":"Lever BI - Leversens","description":"Inteligencia de negocio con la l\u00f3gica de teor\u00eda de restricciones, apoya la toma de decisiones de forma preventiva y no reactiva.","robots":{"index":"index","follow":"follow","max-snippet":"max-snippet:-1","max-image-preview":"max-image-preview:large","max-video-preview":"max-video-preview:-1"},"canonical":"https:\/\/leversens.com\/en\/lever-bi\/","og_locale":"en_US","og_type":"article","og_title":"Lever BI - Leversens","og_description":"Inteligencia de negocio con la l\u00f3gica de teor\u00eda de restricciones, apoya la toma de decisiones de forma preventiva y no reactiva.","og_url":"https:\/\/leversens.com\/en\/lever-bi\/","og_site_name":"Leversens","article_modified_time":"2020-03-19T16:09:44+00:00","og_image":[{"width":64,"height":64,"url":"https:\/\/leversens.com\/wp-content\/uploads\/2019\/04\/linkedin.png","type":"image\/png"}],"twitter_card":"summary_large_image","twitter_misc":{"Est. reading time":"1 minute"},"schema":{"@context":"https:\/\/schema.org","@graph":[{"@type":"WebPage","@id":"https:\/\/leversens.com\/en\/lever-bi\/","url":"https:\/\/leversens.com\/en\/lever-bi\/","name":"Lever BI - Leversens","isPartOf":{"@id":"https:\/\/leversens.com\/#website"},"primaryImageOfPage":{"@id":"https:\/\/leversens.com\/en\/lever-bi\/#primaryimage"},"image":{"@id":"https:\/\/leversens.com\/en\/lever-bi\/#primaryimage"},"thumbnailUrl":"https:\/\/leversens.com\/wp-content\/uploads\/2019\/04\/linkedin.png","datePublished":"2020-01-10T15:14:54+00:00","dateModified":"2020-03-19T16:09:44+00:00","description":"Inteligencia de negocio con la l\u00f3gica de teor\u00eda de restricciones, apoya la toma de decisiones de forma preventiva y no reactiva.","breadcrumb":{"@id":"https:\/\/leversens.com\/en\/lever-bi\/#breadcrumb"},"inLanguage":"en-US","potentialAction":[{"@type":"ReadAction","target":["https:\/\/leversens.com\/en\/lever-bi\/"]}]},{"@type":"ImageObject","inLanguage":"en-US","@id":"https:\/\/leversens.com\/en\/lever-bi\/#primaryimage","url":"https:\/\/leversens.com\/wp-content\/uploads\/2019\/04\/linkedin.png","contentUrl":"https:\/\/leversens.com\/wp-content\/uploads\/2019\/04\/linkedin.png"},{"@type":"BreadcrumbList","@id":"https:\/\/leversens.com\/en\/lever-bi\/#breadcrumb","itemListElement":[{"@type":"ListItem","position":1,"name":"Home","item":"https:\/\/leversens.com\/"},{"@type":"ListItem","position":2,"name":"Lever BI"}]},{"@type":"WebSite","@id":"https:\/\/leversens.com\/#website","url":"https:\/\/leversens.com\/","name":"Leversens","description":"Ayudamos a l\u00edderes lograr sus metas cr\u00edticas m\u00e1s r\u00e1pido.","potentialAction":[{"@type":"SearchAction","target":{"@type":"EntryPoint","urlTemplate":"https:\/\/leversens.com\/?s={search_term_string}"},"query-input":{"@type":"PropertyValueSpecification","valueRequired":true,"valueName":"search_term_string"}}],"inLanguage":"en-US"}]}},"_links":{"self":[{"href":"https:\/\/leversens.com\/en\/wp-json\/wp\/v2\/pages\/3703","targetHints":{"allow":["GET"]}}],"collection":[{"href":"https:\/\/leversens.com\/en\/wp-json\/wp\/v2\/pages"}],"about":[{"href":"https:\/\/leversens.com\/en\/wp-json\/wp\/v2\/types\/page"}],"author":[{"embeddable":true,"href":"https:\/\/leversens.com\/en\/wp-json\/wp\/v2\/users\/1"}],"replies":[{"embeddable":true,"href":"https:\/\/leversens.com\/en\/wp-json\/wp\/v2\/comments?post=3703"}],"version-history":[{"count":21,"href":"https:\/\/leversens.com\/en\/wp-json\/wp\/v2\/pages\/3703\/revisions"}],"predecessor-version":[{"id":4139,"href":"https:\/\/leversens.com\/en\/wp-json\/wp\/v2\/pages\/3703\/revisions\/4139"}],"wp:attachment":[{"href":"https:\/\/leversens.com\/en\/wp-json\/wp\/v2\/media?parent=3703"}],"curies":[{"name":"wp","href":"https:\/\/api.w.org\/{rel}","templated":true}]}}