{"id":4511,"date":"2020-05-06T20:01:10","date_gmt":"2020-05-06T20:01:10","guid":{"rendered":"https:\/\/leversens.com\/?page_id=4511"},"modified":"2020-05-06T20:07:22","modified_gmt":"2020-05-06T20:07:22","slug":"terminos-y-condiciones","status":"publish","type":"page","link":"https:\/\/leversens.com\/en\/terminos-y-condiciones\/","title":{"rendered":"T\u00e9rminos y condiciones"},"content":{"rendered":"<p>[et_pb_section fb_built=\u00bb1&#8243; _builder_version=\u00bb3.26.5&#8243;][et_pb_row _builder_version=\u00bb3.26.5&#8243; column_structure=\u00bb1_4,1_4,1_4,1_4&#8243;][et_pb_column _builder_version=\u00bb3.26.5&#8243; type=\u00bb1_4&#8243;][et_pb_image src=\u00bbhttps:\/\/leversens.com\/wp-content\/uploads\/2019\/04\/leversens..jpeg\u00bb _builder_version=\u00bb3.26.5&#8243;][\/et_pb_image][\/et_pb_column][et_pb_column _builder_version=\u00bb3.26.5&#8243; type=\u00bb1_4&#8243;][\/et_pb_column][et_pb_column _builder_version=\u00bb3.26.5&#8243; type=\u00bb1_4&#8243;][\/et_pb_column][et_pb_column _builder_version=\u00bb3.26.5&#8243; type=\u00bb1_4&#8243;][\/et_pb_column][\/et_pb_row][et_pb_row _builder_version=\u00bb3.26.5&#8243;][et_pb_column _builder_version=\u00bb3.26.5&#8243; type=\u00bb4_4&#8243;][et_pb_text _builder_version=\u00bb3.26.5&#8243;]<\/p>\n<h2><b><span>Autorizaci\u00f3n para el tratamiento de datos<\/span><\/b><\/h2>\n<div><b><span>\u200b\u200b\u200b\u200b<\/span><\/b><\/div>\n<h2><b>\u200bEl formulario a continuaci\u00f3n debe ser diligenciado por:\u200b \u200bpersonas mayores de edad suministrando su propia informaci\u00f3n.\u200b \u200bEn caso en que la informaci\u00f3n a suministrar sea de un menor de edad, esta debe ser suministrada por el representante legal.\u200b<\/b><\/h2>\n<p><span>\u200b\u00a0<\/span><br \/><span>En mi condici\u00f3n de mayor de edad actuando en nombre propio y\/o como mayor de edad actuando como representante legal de un menor, al diligenciar de manera voluntaria este formulario y bajo el conocimiento de que no estoy obligado a hacerlo, autorizo a Leversens Ltda a utilizar la informaci\u00f3n que a continuaci\u00f3n suministrar\u00e9 con el prop\u00f3sito de que sea usada para adelantar la promoci\u00f3n y publicidad de actividades, productos y servicios que ofrece la empresa, a trav\u00e9s de diferentes medios como campa\u00f1as de telemercadeo, mailing, SMS, etc. ; establecer contacto para efectos de promoci\u00f3n y\/o divulgaci\u00f3n de actividades y\/o eventos de inter\u00e9s, y\/o para fines estad\u00edsticos, cient\u00edficos o hist\u00f3ricos. Conozco que Leversens Ltda ha establecido su Pol\u00edtica de Tratamiento y Protecci\u00f3n de Datos Personales. As\u00ed mismo tengo conocimiento de que podr\u00e9 conocer, modificar o suprimir la informaci\u00f3n aqu\u00ed suministrada mediante comunicaci\u00f3n dirigida a contactenos@leversens.com.<\/span><\/p>\n<p>[\/et_pb_text][\/et_pb_column][\/et_pb_row][\/et_pb_section][et_pb_section fb_built=\u00bb1&#8243; _builder_version=\u00bb3.22&#8243; custom_padding=\u00bb0|0px|0|0px|false|false\u00bb saved_tabs=\u00bball\u00bb global_module=\u00bb2188&#8243;][et_pb_row column_structure=\u00bb1_3,1_3,1_3&#8243; _builder_version=\u00bb3.26.3&#8243;][et_pb_column type=\u00bb1_3&#8243; _builder_version=\u00bb3.26.3&#8243;][et_pb_image src=\u00bbhttps:\/\/leversens.com\/wp-content\/uploads\/2019\/04\/leversens..jpeg\u00bb _builder_version=\u00bb3.26.3&#8243; width=\u00bb65%\u00bb module_alignment=\u00bbcenter\u00bb custom_margin=\u00bb-27px||||false|false\u00bb][\/et_pb_image][\/et_pb_column][et_pb_column type=\u00bb1_3&#8243; _builder_version=\u00bb3.26.3&#8243;][et_pb_text _builder_version=\u00bb3.26.3&#8243; text_font=\u00bbVerdana||||||||\u00bb text_text_align=\u00bbcenter\u00bb text_text_color=\u00bb#000000&#8243; custom_margin=\u00bb11px||||false|false\u00bb]<\/p>\n<p>Av. calle 100 # 47a &#8211; 11 Bogot\u00e1- Colombia<br \/>Cel: (+57) 316 468 9625<br \/>Tel: (+57) 5897521<br \/> contactenos@leversens.com<\/p>\n<p>[\/et_pb_text][\/et_pb_column][et_pb_column type=\u00bb1_3&#8243; _builder_version=\u00bb3.26.3&#8243;][et_pb_text _builder_version=\u00bb3.26.3&#8243; text_text_align=\u00bbcenter\u00bb custom_margin=\u00bb25px||||false|false\u00bb]<\/p>\n<p><a href=\"https:\/\/www.linkedin.com\/company\/leversens\/\" title=\"LinkedIn\"><img decoding=\"async\" loading=\"lazy\" src=\"https:\/\/leversens.com\/wp-content\/uploads\/2019\/04\/linkedin.png\" width=\"64\" height=\"64\" alt=\"\" class=\"wp-image-2152 alignnone size-full\" \/><\/a><a href=\"https:\/\/www.instagram.com\/leversensltda\/\" title=\"Instagram\"><img decoding=\"async\" loading=\"lazy\" src=\"https:\/\/leversens.com\/wp-content\/uploads\/2019\/04\/insta2.png\" width=\"64\" height=\"64\" alt=\"\" class=\"wp-image-2151 alignnone size-full\" \/><\/a><a href=\"https:\/\/www.facebook.com\/leversens\/\" title=\"Facebook\"><img decoding=\"async\" loading=\"lazy\" src=\"https:\/\/leversens.com\/wp-content\/uploads\/2019\/04\/fb.png\" width=\"64\" height=\"64\" alt=\"\" class=\"wp-image-2146 alignnone size-full\" \/><\/a><a href=\"https:\/\/www.youtube.com\/channel\/UCe1YC40BomA0QM_vonnz0Lw\" title=\"Youtube\"><img decoding=\"async\" loading=\"lazy\" src=\"https:\/\/leversens.com\/wp-content\/uploads\/2019\/04\/youtube3.png\" width=\"64\" height=\"64\" alt=\"\" class=\"wp-image-2153 alignnone size-full\" \/><\/a><\/p>\n<p>[\/et_pb_text][\/et_pb_column][\/et_pb_row][\/et_pb_section]<\/p>","protected":false},"excerpt":{"rendered":"<p>Autorizaci\u00f3n para el tratamiento de datos \u200b\u200b\u200b\u200b \u200bEl formulario a continuaci\u00f3n debe ser diligenciado por:\u200b \u200bpersonas mayores de edad suministrando su propia informaci\u00f3n.\u200b \u200bEn caso en que la informaci\u00f3n a suministrar sea de un menor de edad, esta debe ser suministrada por el representante legal.\u200b \u200b\u00a0En mi condici\u00f3n de mayor de edad actuando en nombre [&hellip;]<\/p>","protected":false},"author":1,"featured_media":0,"parent":0,"menu_order":0,"comment_status":"closed","ping_status":"closed","template":"","meta":{"_et_pb_use_builder":"on","_et_pb_old_content":"","_et_gb_content_width":""},"yoast_head":"<!-- This site is optimized with the Yoast SEO plugin v19.14 - https:\/\/yoast.com\/wordpress\/plugins\/seo\/ -->\n<title>T\u00e9rminos y condiciones - Leversens<\/title>\n<meta name=\"robots\" content=\"index, follow, max-snippet:-1, max-image-preview:large, max-video-preview:-1\" \/>\n<link rel=\"canonical\" href=\"https:\/\/leversens.com\/en\/terminos-y-condiciones\/\" \/>\n<meta property=\"og:locale\" content=\"en_US\" \/>\n<meta property=\"og:type\" content=\"article\" \/>\n<meta property=\"og:title\" content=\"T\u00e9rminos y condiciones - Leversens\" \/>\n<meta property=\"og:description\" content=\"Autorizaci\u00f3n para el tratamiento de datos \u200b\u200b\u200b\u200b \u200bEl formulario a continuaci\u00f3n debe ser diligenciado por:\u200b \u200bpersonas mayores de edad suministrando su propia informaci\u00f3n.\u200b \u200bEn caso en que la informaci\u00f3n a suministrar sea de un menor de edad, esta debe ser suministrada por el representante legal.\u200b \u200b\u00a0En mi condici\u00f3n de mayor de edad actuando en nombre [&hellip;]\" \/>\n<meta property=\"og:url\" content=\"https:\/\/leversens.com\/en\/terminos-y-condiciones\/\" \/>\n<meta property=\"og:site_name\" content=\"Leversens\" \/>\n<meta property=\"article:modified_time\" content=\"2020-05-06T20:07:22+00:00\" \/>\n<meta property=\"og:image\" content=\"https:\/\/leversens.com\/wp-content\/uploads\/2019\/04\/linkedin.png\" \/>\n<meta name=\"twitter:card\" content=\"summary_large_image\" \/>\n<meta name=\"twitter:label1\" content=\"Est. reading time\" \/>\n\t<meta name=\"twitter:data1\" content=\"2 minutes\" \/>\n<script type=\"application\/ld+json\" class=\"yoast-schema-graph\">{\"@context\":\"https:\/\/schema.org\",\"@graph\":[{\"@type\":\"WebPage\",\"@id\":\"https:\/\/leversens.com\/en\/terminos-y-condiciones\/\",\"url\":\"https:\/\/leversens.com\/en\/terminos-y-condiciones\/\",\"name\":\"T\u00e9rminos y condiciones - Leversens\",\"isPartOf\":{\"@id\":\"https:\/\/leversens.com\/#website\"},\"datePublished\":\"2020-05-06T20:01:10+00:00\",\"dateModified\":\"2020-05-06T20:07:22+00:00\",\"breadcrumb\":{\"@id\":\"https:\/\/leversens.com\/en\/terminos-y-condiciones\/#breadcrumb\"},\"inLanguage\":\"en-US\",\"potentialAction\":[{\"@type\":\"ReadAction\",\"target\":[\"https:\/\/leversens.com\/en\/terminos-y-condiciones\/\"]}]},{\"@type\":\"BreadcrumbList\",\"@id\":\"https:\/\/leversens.com\/en\/terminos-y-condiciones\/#breadcrumb\",\"itemListElement\":[{\"@type\":\"ListItem\",\"position\":1,\"name\":\"Home\",\"item\":\"https:\/\/leversens.com\/\"},{\"@type\":\"ListItem\",\"position\":2,\"name\":\"T\u00e9rminos y condiciones\"}]},{\"@type\":\"WebSite\",\"@id\":\"https:\/\/leversens.com\/#website\",\"url\":\"https:\/\/leversens.com\/\",\"name\":\"Leversens\",\"description\":\"Ayudamos a l\u00edderes lograr sus metas cr\u00edticas m\u00e1s r\u00e1pido.\",\"potentialAction\":[{\"@type\":\"SearchAction\",\"target\":{\"@type\":\"EntryPoint\",\"urlTemplate\":\"https:\/\/leversens.com\/?s={search_term_string}\"},\"query-input\":\"required name=search_term_string\"}],\"inLanguage\":\"en-US\"}]}<\/script>\n<!-- \/ Yoast SEO plugin. -->","yoast_head_json":{"title":"T\u00e9rminos y condiciones - Leversens","robots":{"index":"index","follow":"follow","max-snippet":"max-snippet:-1","max-image-preview":"max-image-preview:large","max-video-preview":"max-video-preview:-1"},"canonical":"https:\/\/leversens.com\/en\/terminos-y-condiciones\/","og_locale":"en_US","og_type":"article","og_title":"T\u00e9rminos y condiciones - Leversens","og_description":"Autorizaci\u00f3n para el tratamiento de datos \u200b\u200b\u200b\u200b \u200bEl formulario a continuaci\u00f3n debe ser diligenciado por:\u200b \u200bpersonas mayores de edad suministrando su propia informaci\u00f3n.\u200b \u200bEn caso en que la informaci\u00f3n a suministrar sea de un menor de edad, esta debe ser suministrada por el representante legal.\u200b \u200b\u00a0En mi condici\u00f3n de mayor de edad actuando en nombre [&hellip;]","og_url":"https:\/\/leversens.com\/en\/terminos-y-condiciones\/","og_site_name":"Leversens","article_modified_time":"2020-05-06T20:07:22+00:00","og_image":[{"url":"https:\/\/leversens.com\/wp-content\/uploads\/2019\/04\/linkedin.png"}],"twitter_card":"summary_large_image","twitter_misc":{"Est. reading time":"2 minutes"},"schema":{"@context":"https:\/\/schema.org","@graph":[{"@type":"WebPage","@id":"https:\/\/leversens.com\/en\/terminos-y-condiciones\/","url":"https:\/\/leversens.com\/en\/terminos-y-condiciones\/","name":"T\u00e9rminos y condiciones - Leversens","isPartOf":{"@id":"https:\/\/leversens.com\/#website"},"datePublished":"2020-05-06T20:01:10+00:00","dateModified":"2020-05-06T20:07:22+00:00","breadcrumb":{"@id":"https:\/\/leversens.com\/en\/terminos-y-condiciones\/#breadcrumb"},"inLanguage":"en-US","potentialAction":[{"@type":"ReadAction","target":["https:\/\/leversens.com\/en\/terminos-y-condiciones\/"]}]},{"@type":"BreadcrumbList","@id":"https:\/\/leversens.com\/en\/terminos-y-condiciones\/#breadcrumb","itemListElement":[{"@type":"ListItem","position":1,"name":"Home","item":"https:\/\/leversens.com\/"},{"@type":"ListItem","position":2,"name":"T\u00e9rminos y condiciones"}]},{"@type":"WebSite","@id":"https:\/\/leversens.com\/#website","url":"https:\/\/leversens.com\/","name":"Leversens","description":"Ayudamos a l\u00edderes lograr sus metas cr\u00edticas m\u00e1s r\u00e1pido.","potentialAction":[{"@type":"SearchAction","target":{"@type":"EntryPoint","urlTemplate":"https:\/\/leversens.com\/?s={search_term_string}"},"query-input":"required name=search_term_string"}],"inLanguage":"en-US"}]}},"_links":{"self":[{"href":"https:\/\/leversens.com\/en\/wp-json\/wp\/v2\/pages\/4511"}],"collection":[{"href":"https:\/\/leversens.com\/en\/wp-json\/wp\/v2\/pages"}],"about":[{"href":"https:\/\/leversens.com\/en\/wp-json\/wp\/v2\/types\/page"}],"author":[{"embeddable":true,"href":"https:\/\/leversens.com\/en\/wp-json\/wp\/v2\/users\/1"}],"replies":[{"embeddable":true,"href":"https:\/\/leversens.com\/en\/wp-json\/wp\/v2\/comments?post=4511"}],"version-history":[{"count":2,"href":"https:\/\/leversens.com\/en\/wp-json\/wp\/v2\/pages\/4511\/revisions"}],"predecessor-version":[{"id":4514,"href":"https:\/\/leversens.com\/en\/wp-json\/wp\/v2\/pages\/4511\/revisions\/4514"}],"wp:attachment":[{"href":"https:\/\/leversens.com\/en\/wp-json\/wp\/v2\/media?parent=4511"}],"curies":[{"name":"wp","href":"https:\/\/api.w.org\/{rel}","templated":true}]}}