{"id":5172,"date":"2023-01-13T14:29:51","date_gmt":"2023-01-13T19:29:51","guid":{"rendered":"https:\/\/leversens.com\/?page_id=5172"},"modified":"2023-01-13T14:34:11","modified_gmt":"2023-01-13T19:34:11","slug":"hmpc","status":"publish","type":"page","link":"https:\/\/leversens.com\/en\/hmpc\/","title":{"rendered":"HMPC"},"content":{"rendered":"<p>[et_pb_section fb_built=\u00bb1&#8243; _builder_version=\u00bb4.19.4&#8243; _module_preset=\u00bbdefault\u00bb global_colors_info=\u00bb{}\u00bb][et_pb_row _builder_version=\u00bb4.19.4&#8243; _module_preset=\u00bbdefault\u00bb global_colors_info=\u00bb{}\u00bb column_structure=\u00bb1_2,1_2&#8243;][et_pb_column type=\u00bb1_2&#8243; _builder_version=\u00bb4.19.4&#8243; _module_preset=\u00bbdefault\u00bb global_colors_info=\u00bb{}\u00bb][et_pb_gallery gallery_ids=\u00bb4969&#8243; _builder_version=\u00bb4.19.4&#8243; _module_preset=\u00bbdefault\u00bb global_colors_info=\u00bb{}\u00bb][\/et_pb_gallery][\/et_pb_column][et_pb_column _builder_version=\u00bb4.19.4&#8243; _module_preset=\u00bbdefault\u00bb type=\u00bb1_2&#8243;][et_pb_image src=\u00bbhttps:\/\/leversens.com\/wp-content\/uploads\/2020\/06\/20-lecciones-de-liderazgo-para-mujeres-j\u00f3venes-MainPhoto.jpg\u00bb _builder_version=\u00bb4.19.4&#8243; _module_preset=\u00bbdefault\u00bb hover_enabled=\u00bb0&#8243; sticky_enabled=\u00bb0&#8243; title_text=\u00bb20-lecciones-de-liderazgo-para-mujeres-j\u00f3venes-MainPhoto\u00bb][\/et_pb_image][\/et_pb_column][\/et_pb_row][\/et_pb_section]<\/p>","protected":false},"excerpt":{"rendered":"","protected":false},"author":1,"featured_media":0,"parent":0,"menu_order":0,"comment_status":"closed","ping_status":"closed","template":"","meta":{"_et_pb_use_builder":"on","_et_pb_old_content":"","_et_gb_content_width":""},"yoast_head":"<!-- This site is optimized with the Yoast SEO plugin v19.14 - https:\/\/yoast.com\/wordpress\/plugins\/seo\/ -->\n<title>HMPC - Leversens<\/title>\n<meta name=\"robots\" content=\"index, follow, max-snippet:-1, max-image-preview:large, max-video-preview:-1\" \/>\n<link rel=\"canonical\" href=\"https:\/\/leversens.com\/en\/hmpc\/\" \/>\n<meta property=\"og:locale\" content=\"en_US\" \/>\n<meta property=\"og:type\" content=\"article\" \/>\n<meta property=\"og:title\" content=\"HMPC - Leversens\" \/>\n<meta property=\"og:url\" content=\"https:\/\/leversens.com\/en\/hmpc\/\" \/>\n<meta property=\"og:site_name\" content=\"Leversens\" \/>\n<meta property=\"article:modified_time\" content=\"2023-01-13T19:34:11+00:00\" \/>\n<meta name=\"twitter:card\" content=\"summary_large_image\" \/>\n<script type=\"application\/ld+json\" class=\"yoast-schema-graph\">{\"@context\":\"https:\/\/schema.org\",\"@graph\":[{\"@type\":\"WebPage\",\"@id\":\"https:\/\/leversens.com\/hmpc\/\",\"url\":\"https:\/\/leversens.com\/hmpc\/\",\"name\":\"HMPC - Leversens\",\"isPartOf\":{\"@id\":\"https:\/\/leversens.com\/#website\"},\"datePublished\":\"2023-01-13T19:29:51+00:00\",\"dateModified\":\"2023-01-13T19:34:11+00:00\",\"breadcrumb\":{\"@id\":\"https:\/\/leversens.com\/hmpc\/#breadcrumb\"},\"inLanguage\":\"en-US\",\"potentialAction\":[{\"@type\":\"ReadAction\",\"target\":[\"https:\/\/leversens.com\/hmpc\/\"]}]},{\"@type\":\"BreadcrumbList\",\"@id\":\"https:\/\/leversens.com\/hmpc\/#breadcrumb\",\"itemListElement\":[{\"@type\":\"ListItem\",\"position\":1,\"name\":\"Home\",\"item\":\"https:\/\/leversens.com\/\"},{\"@type\":\"ListItem\",\"position\":2,\"name\":\"HMPC\"}]},{\"@type\":\"WebSite\",\"@id\":\"https:\/\/leversens.com\/#website\",\"url\":\"https:\/\/leversens.com\/\",\"name\":\"Leversens\",\"description\":\"Ayudamos a l\u00edderes lograr sus metas cr\u00edticas m\u00e1s r\u00e1pido.\",\"potentialAction\":[{\"@type\":\"SearchAction\",\"target\":{\"@type\":\"EntryPoint\",\"urlTemplate\":\"https:\/\/leversens.com\/?s={search_term_string}\"},\"query-input\":\"required name=search_term_string\"}],\"inLanguage\":\"en-US\"}]}<\/script>\n<!-- \/ Yoast SEO plugin. -->","yoast_head_json":{"title":"HMPC - Leversens","robots":{"index":"index","follow":"follow","max-snippet":"max-snippet:-1","max-image-preview":"max-image-preview:large","max-video-preview":"max-video-preview:-1"},"canonical":"https:\/\/leversens.com\/en\/hmpc\/","og_locale":"en_US","og_type":"article","og_title":"HMPC - Leversens","og_url":"https:\/\/leversens.com\/en\/hmpc\/","og_site_name":"Leversens","article_modified_time":"2023-01-13T19:34:11+00:00","twitter_card":"summary_large_image","schema":{"@context":"https:\/\/schema.org","@graph":[{"@type":"WebPage","@id":"https:\/\/leversens.com\/hmpc\/","url":"https:\/\/leversens.com\/hmpc\/","name":"HMPC - Leversens","isPartOf":{"@id":"https:\/\/leversens.com\/#website"},"datePublished":"2023-01-13T19:29:51+00:00","dateModified":"2023-01-13T19:34:11+00:00","breadcrumb":{"@id":"https:\/\/leversens.com\/hmpc\/#breadcrumb"},"inLanguage":"en-US","potentialAction":[{"@type":"ReadAction","target":["https:\/\/leversens.com\/hmpc\/"]}]},{"@type":"BreadcrumbList","@id":"https:\/\/leversens.com\/hmpc\/#breadcrumb","itemListElement":[{"@type":"ListItem","position":1,"name":"Home","item":"https:\/\/leversens.com\/"},{"@type":"ListItem","position":2,"name":"HMPC"}]},{"@type":"WebSite","@id":"https:\/\/leversens.com\/#website","url":"https:\/\/leversens.com\/","name":"Leversens","description":"Ayudamos a l\u00edderes lograr sus metas cr\u00edticas m\u00e1s r\u00e1pido.","potentialAction":[{"@type":"SearchAction","target":{"@type":"EntryPoint","urlTemplate":"https:\/\/leversens.com\/?s={search_term_string}"},"query-input":"required name=search_term_string"}],"inLanguage":"en-US"}]}},"_links":{"self":[{"href":"https:\/\/leversens.com\/en\/wp-json\/wp\/v2\/pages\/5172"}],"collection":[{"href":"https:\/\/leversens.com\/en\/wp-json\/wp\/v2\/pages"}],"about":[{"href":"https:\/\/leversens.com\/en\/wp-json\/wp\/v2\/types\/page"}],"author":[{"embeddable":true,"href":"https:\/\/leversens.com\/en\/wp-json\/wp\/v2\/users\/1"}],"replies":[{"embeddable":true,"href":"https:\/\/leversens.com\/en\/wp-json\/wp\/v2\/comments?post=5172"}],"version-history":[{"count":5,"href":"https:\/\/leversens.com\/en\/wp-json\/wp\/v2\/pages\/5172\/revisions"}],"predecessor-version":[{"id":5178,"href":"https:\/\/leversens.com\/en\/wp-json\/wp\/v2\/pages\/5172\/revisions\/5178"}],"wp:attachment":[{"href":"https:\/\/leversens.com\/en\/wp-json\/wp\/v2\/media?parent=5172"}],"curies":[{"name":"wp","href":"https:\/\/api.w.org\/{rel}","templated":true}]}}